{"id":5667,"date":"2025-03-10T22:51:19","date_gmt":"2025-03-10T21:51:19","guid":{"rendered":"https:\/\/diized.com\/?post_type=product&#038;p=5667"},"modified":"2025-03-10T22:52:13","modified_gmt":"2025-03-10T21:52:13","slug":"basket-puma-pl-trinity-blanche-et-turquoise-meilleur-prix-en-algerie","status":"publish","type":"product","link":"https:\/\/diized.com\/ar\/product\/basket-puma-pl-trinity-blanche-et-turquoise-meilleur-prix-en-algerie\/","title":{"rendered":"Basket Puma PL Trinity Blanche et Turquoise \u2013 Meilleur Prix en Alg\u00e9rie"},"content":{"rendered":"<h3>PUMA TRINITY WARM WHITE WHITE TURQUOISE \u2013 Basket Puma Original !<\/h3>\n<p>D\u00e9couvrez la **PUMA TRINITY** en coloris **Warm White, White &amp; Turquoise**, une paire qui allie parfaitement style urbain et confort absolu. Con\u00e7ue pour ceux qui recherchent une chaussure tendance et polyvalente, elle s\u2019adapte \u00e0 toutes vos tenues du quotidien.<\/p>\n<h3>Pourquoi choisir la PUMA TRINITY ?<\/h3>\n<p>\u2705 **Design moderne** : Une combinaison \u00e9l\u00e9gante de blanc cass\u00e9 et de turquoise pour un look unique.<br \/>\n\u2705 **Confort optimal** : Semelle interm\u00e9diaire en mousse EVA pour un amorti l\u00e9ger et un confort longue dur\u00e9e.<br \/>\n\u2705 **Durabilit\u00e9 assur\u00e9e** : Mat\u00e9riaux de qualit\u00e9 pour une r\u00e9sistance accrue et une meilleure adh\u00e9rence.<br \/>\n\u2705 **Polyvalence** : Id\u00e9ale pour vos sorties en ville, le sport ou un usage quotidien.<\/p>\n<p>### \ud83d\ude80 **Commandez d\u00e8s maintenant sur <a href=\"https:\/\/diized.com\/ar\/\">Diized.com<\/a><br \/>\nProfitez de la **livraison rapide et gratuite en Alg\u00e9rie** et faites de la PUMA TRINITY votre alli\u00e9e mode incontournable ! \ud83c\udfaf\ud83d\udc5f<\/p>","protected":false},"excerpt":{"rendered":"<p>PUMA TRINITY WARM WHITE WHITE TURQUOISE \u2013 Basket Puma Original ! D\u00e9couvrez la **PUMA TRINITY** en coloris **Warm White, White &amp; Turquoise**, une paire qui allie parfaitement style urbain et confort absolu. Con\u00e7ue pour ceux qui recherchent une chaussure tendance et polyvalente, elle s\u2019adapte \u00e0 toutes vos tenues du quotidien. Pourquoi choisir la PUMA TRINITY [&hellip;]<\/p>\n","protected":false},"featured_media":5676,"comment_status":"open","ping_status":"closed","template":"","meta":{"inline_featured_image":false,"site-sidebar-layout":"default","site-content-layout":"","ast-site-content-layout":"default","site-content-style":"default","site-sidebar-style":"default","ast-global-header-display":"","ast-banner-title-visibility":"","ast-main-header-display":"","ast-hfb-above-header-display":"","ast-hfb-below-header-display":"","ast-hfb-mobile-header-display":"","site-post-title":"","ast-breadcrumbs-content":"","ast-featured-img":"","footer-sml-layout":"","ast-disable-related-posts":"","theme-transparent-header-meta":"default","adv-header-id-meta":"","stick-header-meta":"","header-above-stick-meta":"","header-main-stick-meta":"","header-below-stick-meta":"","astra-migrate-meta-layouts":"set","ast-page-background-enabled":"default","ast-page-background-meta":{"desktop":{"background-color":"","background-image":"","background-repeat":"repeat","background-position":"center center","background-size":"auto","background-attachment":"scroll","background-type":"","background-media":"","overlay-type":"","overlay-color":"","overlay-opacity":"","overlay-gradient":""},"tablet":{"background-color":"","background-image":"","background-repeat":"repeat","background-position":"center center","background-size":"auto","background-attachment":"scroll","background-type":"","background-media":"","overlay-type":"","overlay-color":"","overlay-opacity":"","overlay-gradient":""},"mobile":{"background-color":"","background-image":"","background-repeat":"repeat","background-position":"center center","background-size":"auto","background-attachment":"scroll","background-type":"","background-media":"","overlay-type":"","overlay-color":"","overlay-opacity":"","overlay-gradient":""}},"ast-content-background-meta":{"desktop":{"background-color":"var(--ast-global-color-5)","background-image":"","background-repeat":"repeat","background-position":"center center","background-size":"auto","background-attachment":"scroll","background-type":"","background-media":"","overlay-type":"","overlay-color":"","overlay-opacity":"","overlay-gradient":""},"tablet":{"background-color":"var(--ast-global-color-5)","background-image":"","background-repeat":"repeat","background-position":"center center","background-size":"auto","background-attachment":"scroll","background-type":"","background-media":"","overlay-type":"","overlay-color":"","overlay-opacity":"","overlay-gradient":""},"mobile":{"background-color":"var(--ast-global-color-5)","background-image":"","background-repeat":"repeat","background-position":"center center","background-size":"auto","background-attachment":"scroll","background-type":"","background-media":"","overlay-type":"","overlay-color":"","overlay-opacity":"","overlay-gradient":""}}},"product_brand":[],"product_cat":[108,83],"product_tag":[143],"class_list":{"0":"post-5667","1":"product","2":"type-product","3":"status-publish","4":"has-post-thumbnail","6":"product_cat-chaussures","7":"product_cat-femmes","8":"product_tag-puma","9":"desktop-align-center","10":"tablet-align-left","11":"mobile-align-left","13":"first","14":"instock","15":"sale","16":"shipping-taxable","17":"purchasable","18":"product-type-variable"},"jetpack_sharing_enabled":true,"_links":{"self":[{"href":"https:\/\/diized.com\/ar\/wp-json\/wp\/v2\/product\/5667","targetHints":{"allow":["GET"]}}],"collection":[{"href":"https:\/\/diized.com\/ar\/wp-json\/wp\/v2\/product"}],"about":[{"href":"https:\/\/diized.com\/ar\/wp-json\/wp\/v2\/types\/product"}],"replies":[{"embeddable":true,"href":"https:\/\/diized.com\/ar\/wp-json\/wp\/v2\/comments?post=5667"}],"version-history":[{"count":1,"href":"https:\/\/diized.com\/ar\/wp-json\/wp\/v2\/product\/5667\/revisions"}],"predecessor-version":[{"id":5679,"href":"https:\/\/diized.com\/ar\/wp-json\/wp\/v2\/product\/5667\/revisions\/5679"}],"wp:featuredmedia":[{"embeddable":true,"href":"https:\/\/diized.com\/ar\/wp-json\/wp\/v2\/media\/5676"}],"wp:attachment":[{"href":"https:\/\/diized.com\/ar\/wp-json\/wp\/v2\/media?parent=5667"}],"wp:term":[{"taxonomy":"product_brand","embeddable":true,"href":"https:\/\/diized.com\/ar\/wp-json\/wp\/v2\/product_brand?post=5667"},{"taxonomy":"product_cat","embeddable":true,"href":"https:\/\/diized.com\/ar\/wp-json\/wp\/v2\/product_cat?post=5667"},{"taxonomy":"product_tag","embeddable":true,"href":"https:\/\/diized.com\/ar\/wp-json\/wp\/v2\/product_tag?post=5667"}],"curies":[{"name":"wp","href":"https:\/\/api.w.org\/{rel}","templated":true}]}}