{"id":5509,"date":"2025-01-01T13:23:01","date_gmt":"2025-01-01T12:23:01","guid":{"rendered":"https:\/\/diized.com\/?post_type=product&#038;p=5509"},"modified":"2026-04-16T17:54:21","modified_gmt":"2026-04-16T16:54:21","slug":"diadora-minumbus-baskets-pour-hommes-en-algerie-performance-confort-et-style","status":"publish","type":"product","link":"https:\/\/diized.com\/ar\/product\/diadora-minumbus-baskets-pour-hommes-en-algerie-performance-confort-et-style\/","title":{"rendered":"Diadora Minumbus Baskets pour Hommes en Algerie &#8211; Performance, Confort et Style"},"content":{"rendered":"<h2 data-sourcepos=\"1:1-1:59\"><strong>Diadora Minibus &#8211; Sneakers R\u00e9tro en Cuir\u00a0<\/strong><\/h2>\n<p data-sourcepos=\"1:1-1:59\"><span style=\"font-size: 16px;\">D\u00e9couvrez les DIADORA MINUMBUS, des chaussures qui allient parfaitement confort, durabilit\u00e9 et style moderne. Id\u00e9ales pour vos activit\u00e9s sportives ou pour compl\u00e9ter vos tenues d\u00e9contract\u00e9es, elles sont con\u00e7ues pour r\u00e9pondre aux besoins des utilisateurs alg\u00e9riens, que ce soit dans les rues anim\u00e9es d&rsquo;Alger ou les terrains accident\u00e9s des Hauts Plateaux.<\/span><\/p>\n<h4>Caract\u00e9ristiques cl\u00e9s :<\/h4>\n<p>Conception respirante : Gr\u00e2ce \u00e0 des mat\u00e9riaux de haute qualit\u00e9, vos pieds restent au frais, m\u00eame sous la chaleur alg\u00e9rienne.<br \/>\nSemelle antid\u00e9rapante : Une adh\u00e9rence parfaite sur toutes les surfaces, pour plus de s\u00e9curit\u00e9 dans vos d\u00e9placements.<br \/>\nAmorti sup\u00e9rieur : R\u00e9duit les impacts pour un confort optimal lors de la marche ou de la course.<br \/>\nDesign \u00e9l\u00e9gant : Disponible dans des couleurs modernes, adapt\u00e9es \u00e0 tous les go\u00fbts.<br \/>\nPourquoi choisir DIADORA MINUMBUS ?<br \/>\nPolyvalence : Convient aussi bien pour le sport que pour un usage quotidien.<br \/>\nDurabilit\u00e9 : Des mat\u00e9riaux r\u00e9sistants pour s&rsquo;adapter aux d\u00e9fis du climat alg\u00e9rien.<br \/>\nStyle intemporel : Associez performance et esth\u00e9tique.<\/p>\n<p>Commandez vos DIADORA MINUMBUS d\u00e8s aujourd&rsquo;hui et profitez de l&rsquo;\u00e9quilibre parfait entre performance et \u00e9l\u00e9gance. Livraison rapide partout en Alg\u00e9rie.<\/p>\n<p>#DiadoraAlg\u00e9rie #ChaussuresConfort #SportEtStyle #Qualit\u00e9Italienne<\/p>","protected":false},"excerpt":{"rendered":"<p>Diadora Minibus &#8211; Sneakers R\u00e9tro en Cuir\u00a0 D\u00e9couvrez les DIADORA MINUMBUS, des chaussures qui allient parfaitement confort, durabilit\u00e9 et style moderne. Id\u00e9ales pour vos activit\u00e9s sportives ou pour compl\u00e9ter vos tenues d\u00e9contract\u00e9es, elles sont con\u00e7ues pour r\u00e9pondre aux besoins des utilisateurs alg\u00e9riens, que ce soit dans les rues anim\u00e9es d&rsquo;Alger ou les terrains accident\u00e9s des [&hellip;]<\/p>\n","protected":false},"featured_media":5524,"comment_status":"open","ping_status":"closed","template":"","meta":{"inline_featured_image":false,"site-sidebar-layout":"default","site-content-layout":"","ast-site-content-layout":"default","site-content-style":"default","site-sidebar-style":"default","ast-global-header-display":"","ast-banner-title-visibility":"","ast-main-header-display":"","ast-hfb-above-header-display":"","ast-hfb-below-header-display":"","ast-hfb-mobile-header-display":"","site-post-title":"","ast-breadcrumbs-content":"","ast-featured-img":"","footer-sml-layout":"","ast-disable-related-posts":"","theme-transparent-header-meta":"default","adv-header-id-meta":"","stick-header-meta":"","header-above-stick-meta":"","header-main-stick-meta":"","header-below-stick-meta":"","astra-migrate-meta-layouts":"set","ast-page-background-enabled":"default","ast-page-background-meta":{"desktop":{"background-color":"","background-image":"","background-repeat":"repeat","background-position":"center center","background-size":"auto","background-attachment":"scroll","background-type":"","background-media":"","overlay-type":"","overlay-color":"","overlay-opacity":"","overlay-gradient":""},"tablet":{"background-color":"","background-image":"","background-repeat":"repeat","background-position":"center center","background-size":"auto","background-attachment":"scroll","background-type":"","background-media":"","overlay-type":"","overlay-color":"","overlay-opacity":"","overlay-gradient":""},"mobile":{"background-color":"","background-image":"","background-repeat":"repeat","background-position":"center center","background-size":"auto","background-attachment":"scroll","background-type":"","background-media":"","overlay-type":"","overlay-color":"","overlay-opacity":"","overlay-gradient":""}},"ast-content-background-meta":{"desktop":{"background-color":"var(--ast-global-color-5)","background-image":"","background-repeat":"repeat","background-position":"center center","background-size":"auto","background-attachment":"scroll","background-type":"","background-media":"","overlay-type":"","overlay-color":"","overlay-opacity":"","overlay-gradient":""},"tablet":{"background-color":"var(--ast-global-color-5)","background-image":"","background-repeat":"repeat","background-position":"center center","background-size":"auto","background-attachment":"scroll","background-type":"","background-media":"","overlay-type":"","overlay-color":"","overlay-opacity":"","overlay-gradient":""},"mobile":{"background-color":"var(--ast-global-color-5)","background-image":"","background-repeat":"repeat","background-position":"center center","background-size":"auto","background-attachment":"scroll","background-type":"","background-media":"","overlay-type":"","overlay-color":"","overlay-opacity":"","overlay-gradient":""}}},"product_brand":[],"product_cat":[108,75],"product_tag":[138],"class_list":{"0":"post-5509","1":"product","2":"type-product","3":"status-publish","4":"has-post-thumbnail","6":"product_cat-chaussures","7":"product_cat-homme","8":"product_tag-diadora","9":"desktop-align-center","10":"tablet-align-left","11":"mobile-align-left","13":"first","14":"instock","15":"featured","16":"shipping-taxable","17":"purchasable","18":"product-type-variable"},"jetpack_sharing_enabled":true,"_links":{"self":[{"href":"https:\/\/diized.com\/ar\/wp-json\/wp\/v2\/product\/5509","targetHints":{"allow":["GET"]}}],"collection":[{"href":"https:\/\/diized.com\/ar\/wp-json\/wp\/v2\/product"}],"about":[{"href":"https:\/\/diized.com\/ar\/wp-json\/wp\/v2\/types\/product"}],"replies":[{"embeddable":true,"href":"https:\/\/diized.com\/ar\/wp-json\/wp\/v2\/comments?post=5509"}],"version-history":[{"count":1,"href":"https:\/\/diized.com\/ar\/wp-json\/wp\/v2\/product\/5509\/revisions"}],"predecessor-version":[{"id":5531,"href":"https:\/\/diized.com\/ar\/wp-json\/wp\/v2\/product\/5509\/revisions\/5531"}],"wp:featuredmedia":[{"embeddable":true,"href":"https:\/\/diized.com\/ar\/wp-json\/wp\/v2\/media\/5524"}],"wp:attachment":[{"href":"https:\/\/diized.com\/ar\/wp-json\/wp\/v2\/media?parent=5509"}],"wp:term":[{"taxonomy":"product_brand","embeddable":true,"href":"https:\/\/diized.com\/ar\/wp-json\/wp\/v2\/product_brand?post=5509"},{"taxonomy":"product_cat","embeddable":true,"href":"https:\/\/diized.com\/ar\/wp-json\/wp\/v2\/product_cat?post=5509"},{"taxonomy":"product_tag","embeddable":true,"href":"https:\/\/diized.com\/ar\/wp-json\/wp\/v2\/product_tag?post=5509"}],"curies":[{"name":"wp","href":"https:\/\/api.w.org\/{rel}","templated":true}]}}