{"id":5356,"date":"2024-10-13T00:52:52","date_gmt":"2024-10-12T23:52:52","guid":{"rendered":"https:\/\/diized.com\/?post_type=product&#038;p=5356"},"modified":"2025-01-02T18:09:10","modified_gmt":"2025-01-02T17:09:10","slug":"baskets-tommy-hilfiger-flag-originales-style-et-confort-a-prix-abordable-en-algerie","status":"publish","type":"product","link":"https:\/\/diized.com\/ar\/product\/baskets-tommy-hilfiger-flag-originales-style-et-confort-a-prix-abordable-en-algerie\/","title":{"rendered":"Baskets Tommy Hilfiger Flag Originales : Style et Confort \u00e0 Prix Abordable en Alg\u00e9rie"},"content":{"rendered":"<h3>Tommy Hilfiger Flag Low Cut Lace-Up Bleu Marine\/Blanc<\/h3>\n<p>D\u00e9couvrez les baskets originales Tommy Hilfiger Flag Low Cut Lace-Up en bleu marine, disponibles en Alg\u00e9rie \u00e0 un prix attractif. Alliant confort et style iconique, ces baskets offrent un look d\u00e9contract\u00e9 et \u00e9l\u00e9gant. Profitez d\u2019une qualit\u00e9 sup\u00e9rieure \u00e0 un excellent rapport qualit\u00e9-prix.<\/p>","protected":false},"excerpt":{"rendered":"<p>Tommy Hilfiger Flag Low Cut Lace-Up Bleu Marine\/Blanc D\u00e9couvrez les baskets originales Tommy Hilfiger Flag Low Cut Lace-Up en bleu marine, disponibles en Alg\u00e9rie \u00e0 un prix attractif. Alliant confort et style iconique, ces baskets offrent un look d\u00e9contract\u00e9 et \u00e9l\u00e9gant. Profitez d\u2019une qualit\u00e9 sup\u00e9rieure \u00e0 un excellent rapport qualit\u00e9-prix.<\/p>","protected":false},"featured_media":5365,"comment_status":"open","ping_status":"closed","template":"","meta":{"inline_featured_image":false,"site-sidebar-layout":"default","site-content-layout":"","ast-site-content-layout":"default","site-content-style":"default","site-sidebar-style":"default","ast-global-header-display":"","ast-banner-title-visibility":"","ast-main-header-display":"","ast-hfb-above-header-display":"","ast-hfb-below-header-display":"","ast-hfb-mobile-header-display":"","site-post-title":"","ast-breadcrumbs-content":"","ast-featured-img":"","footer-sml-layout":"","ast-disable-related-posts":"","theme-transparent-header-meta":"default","adv-header-id-meta":"","stick-header-meta":"","header-above-stick-meta":"","header-main-stick-meta":"","header-below-stick-meta":"","astra-migrate-meta-layouts":"set","ast-page-background-enabled":"default","ast-page-background-meta":{"desktop":{"background-color":"","background-image":"","background-repeat":"repeat","background-position":"center center","background-size":"auto","background-attachment":"scroll","background-type":"","background-media":"","overlay-type":"","overlay-color":"","overlay-opacity":"","overlay-gradient":""},"tablet":{"background-color":"","background-image":"","background-repeat":"repeat","background-position":"center center","background-size":"auto","background-attachment":"scroll","background-type":"","background-media":"","overlay-type":"","overlay-color":"","overlay-opacity":"","overlay-gradient":""},"mobile":{"background-color":"","background-image":"","background-repeat":"repeat","background-position":"center center","background-size":"auto","background-attachment":"scroll","background-type":"","background-media":"","overlay-type":"","overlay-color":"","overlay-opacity":"","overlay-gradient":""}},"ast-content-background-meta":{"desktop":{"background-color":"var(--ast-global-color-5)","background-image":"","background-repeat":"repeat","background-position":"center center","background-size":"auto","background-attachment":"scroll","background-type":"","background-media":"","overlay-type":"","overlay-color":"","overlay-opacity":"","overlay-gradient":""},"tablet":{"background-color":"var(--ast-global-color-5)","background-image":"","background-repeat":"repeat","background-position":"center center","background-size":"auto","background-attachment":"scroll","background-type":"","background-media":"","overlay-type":"","overlay-color":"","overlay-opacity":"","overlay-gradient":""},"mobile":{"background-color":"var(--ast-global-color-5)","background-image":"","background-repeat":"repeat","background-position":"center center","background-size":"auto","background-attachment":"scroll","background-type":"","background-media":"","overlay-type":"","overlay-color":"","overlay-opacity":"","overlay-gradient":""}}},"product_brand":[],"product_cat":[108],"product_tag":[129],"class_list":{"0":"post-5356","1":"product","2":"type-product","3":"status-publish","4":"has-post-thumbnail","6":"product_cat-chaussures","7":"product_tag-tommy-hilfiger","8":"desktop-align-center","9":"tablet-align-left","10":"mobile-align-left","12":"first","13":"outofstock","14":"sale","15":"featured","16":"shipping-taxable","17":"purchasable","18":"product-type-variable"},"jetpack_sharing_enabled":true,"_links":{"self":[{"href":"https:\/\/diized.com\/ar\/wp-json\/wp\/v2\/product\/5356","targetHints":{"allow":["GET"]}}],"collection":[{"href":"https:\/\/diized.com\/ar\/wp-json\/wp\/v2\/product"}],"about":[{"href":"https:\/\/diized.com\/ar\/wp-json\/wp\/v2\/types\/product"}],"replies":[{"embeddable":true,"href":"https:\/\/diized.com\/ar\/wp-json\/wp\/v2\/comments?post=5356"}],"version-history":[{"count":1,"href":"https:\/\/diized.com\/ar\/wp-json\/wp\/v2\/product\/5356\/revisions"}],"predecessor-version":[{"id":5378,"href":"https:\/\/diized.com\/ar\/wp-json\/wp\/v2\/product\/5356\/revisions\/5378"}],"wp:featuredmedia":[{"embeddable":true,"href":"https:\/\/diized.com\/ar\/wp-json\/wp\/v2\/media\/5365"}],"wp:attachment":[{"href":"https:\/\/diized.com\/ar\/wp-json\/wp\/v2\/media?parent=5356"}],"wp:term":[{"taxonomy":"product_brand","embeddable":true,"href":"https:\/\/diized.com\/ar\/wp-json\/wp\/v2\/product_brand?post=5356"},{"taxonomy":"product_cat","embeddable":true,"href":"https:\/\/diized.com\/ar\/wp-json\/wp\/v2\/product_cat?post=5356"},{"taxonomy":"product_tag","embeddable":true,"href":"https:\/\/diized.com\/ar\/wp-json\/wp\/v2\/product_tag?post=5356"}],"curies":[{"name":"wp","href":"https:\/\/api.w.org\/{rel}","templated":true}]}}