{"id":5345,"date":"2024-10-12T19:23:53","date_gmt":"2024-10-12T18:23:53","guid":{"rendered":"https:\/\/diized.com\/?post_type=product&#038;p=5345"},"modified":"2025-01-02T18:09:10","modified_gmt":"2025-01-02T17:09:10","slug":"hi-tec-geo-trail-pro-chaussures-concues-pour-les-randonnee-meilleur-prix-en-algerie","status":"publish","type":"product","link":"https:\/\/diized.com\/ar\/product\/hi-tec-geo-trail-pro-chaussures-concues-pour-les-randonnee-meilleur-prix-en-algerie\/","title":{"rendered":"Hi-Tec Geo Trail Pro :  Chaussures Con\u00e7ues Pour Les Randonn\u00e9e &#8211; Meilleur Prix en Algerie"},"content":{"rendered":"<h2>Hi-Tec Geo Trail Pro Bleu avec accent vert pistache<\/h2>\n<p>Les Hi-Tec Geo Trail Pro sont parfaites pour les randonn\u00e9es \u00e0 travers les paysages vari\u00e9s de l&rsquo;Alg\u00e9rie. Alliant robustesse, confort et adh\u00e9rence, elles sont id\u00e9ales pour explorer les montagnes, les plateaux et les d\u00e9serts alg\u00e9riens, tout en assurant une protection optimale.<\/p>","protected":false},"excerpt":{"rendered":"<p>Hi-Tec Geo Trail Pro Bleu avec accent vert pistache Les Hi-Tec Geo Trail Pro sont parfaites pour les randonn\u00e9es \u00e0 travers les paysages vari\u00e9s de l&rsquo;Alg\u00e9rie. Alliant robustesse, confort et adh\u00e9rence, elles sont id\u00e9ales pour explorer les montagnes, les plateaux et les d\u00e9serts alg\u00e9riens, tout en assurant une protection optimale.<\/p>","protected":false},"featured_media":5353,"comment_status":"open","ping_status":"closed","template":"","meta":{"inline_featured_image":false,"site-sidebar-layout":"default","site-content-layout":"","ast-site-content-layout":"default","site-content-style":"default","site-sidebar-style":"default","ast-global-header-display":"","ast-banner-title-visibility":"","ast-main-header-display":"","ast-hfb-above-header-display":"","ast-hfb-below-header-display":"","ast-hfb-mobile-header-display":"","site-post-title":"","ast-breadcrumbs-content":"","ast-featured-img":"","footer-sml-layout":"","ast-disable-related-posts":"","theme-transparent-header-meta":"default","adv-header-id-meta":"","stick-header-meta":"","header-above-stick-meta":"","header-main-stick-meta":"","header-below-stick-meta":"","astra-migrate-meta-layouts":"set","ast-page-background-enabled":"default","ast-page-background-meta":{"desktop":{"background-color":"","background-image":"","background-repeat":"repeat","background-position":"center center","background-size":"auto","background-attachment":"scroll","background-type":"","background-media":"","overlay-type":"","overlay-color":"","overlay-opacity":"","overlay-gradient":""},"tablet":{"background-color":"","background-image":"","background-repeat":"repeat","background-position":"center center","background-size":"auto","background-attachment":"scroll","background-type":"","background-media":"","overlay-type":"","overlay-color":"","overlay-opacity":"","overlay-gradient":""},"mobile":{"background-color":"","background-image":"","background-repeat":"repeat","background-position":"center center","background-size":"auto","background-attachment":"scroll","background-type":"","background-media":"","overlay-type":"","overlay-color":"","overlay-opacity":"","overlay-gradient":""}},"ast-content-background-meta":{"desktop":{"background-color":"var(--ast-global-color-5)","background-image":"","background-repeat":"repeat","background-position":"center center","background-size":"auto","background-attachment":"scroll","background-type":"","background-media":"","overlay-type":"","overlay-color":"","overlay-opacity":"","overlay-gradient":""},"tablet":{"background-color":"var(--ast-global-color-5)","background-image":"","background-repeat":"repeat","background-position":"center center","background-size":"auto","background-attachment":"scroll","background-type":"","background-media":"","overlay-type":"","overlay-color":"","overlay-opacity":"","overlay-gradient":""},"mobile":{"background-color":"var(--ast-global-color-5)","background-image":"","background-repeat":"repeat","background-position":"center center","background-size":"auto","background-attachment":"scroll","background-type":"","background-media":"","overlay-type":"","overlay-color":"","overlay-opacity":"","overlay-gradient":""}}},"product_brand":[],"product_cat":[108],"product_tag":[127],"class_list":{"0":"post-5345","1":"product","2":"type-product","3":"status-publish","4":"has-post-thumbnail","6":"product_cat-chaussures","7":"product_tag-hi-tec","8":"desktop-align-center","9":"tablet-align-left","10":"mobile-align-left","12":"first","13":"instock","14":"featured","15":"shipping-taxable","16":"purchasable","17":"product-type-variable"},"jetpack_sharing_enabled":true,"_links":{"self":[{"href":"https:\/\/diized.com\/ar\/wp-json\/wp\/v2\/product\/5345","targetHints":{"allow":["GET"]}}],"collection":[{"href":"https:\/\/diized.com\/ar\/wp-json\/wp\/v2\/product"}],"about":[{"href":"https:\/\/diized.com\/ar\/wp-json\/wp\/v2\/types\/product"}],"replies":[{"embeddable":true,"href":"https:\/\/diized.com\/ar\/wp-json\/wp\/v2\/comments?post=5345"}],"version-history":[{"count":1,"href":"https:\/\/diized.com\/ar\/wp-json\/wp\/v2\/product\/5345\/revisions"}],"predecessor-version":[{"id":5355,"href":"https:\/\/diized.com\/ar\/wp-json\/wp\/v2\/product\/5345\/revisions\/5355"}],"wp:featuredmedia":[{"embeddable":true,"href":"https:\/\/diized.com\/ar\/wp-json\/wp\/v2\/media\/5353"}],"wp:attachment":[{"href":"https:\/\/diized.com\/ar\/wp-json\/wp\/v2\/media?parent=5345"}],"wp:term":[{"taxonomy":"product_brand","embeddable":true,"href":"https:\/\/diized.com\/ar\/wp-json\/wp\/v2\/product_brand?post=5345"},{"taxonomy":"product_cat","embeddable":true,"href":"https:\/\/diized.com\/ar\/wp-json\/wp\/v2\/product_cat?post=5345"},{"taxonomy":"product_tag","embeddable":true,"href":"https:\/\/diized.com\/ar\/wp-json\/wp\/v2\/product_tag?post=5345"}],"curies":[{"name":"wp","href":"https:\/\/api.w.org\/{rel}","templated":true}]}}