{"id":4993,"date":"2024-09-25T23:54:13","date_gmt":"2024-09-25T22:54:13","guid":{"rendered":"https:\/\/diized.com\/?post_type=product&#038;p=4993"},"modified":"2025-01-03T19:26:53","modified_gmt":"2025-01-03T18:26:53","slug":"nike-waffle-debute-black-noire-algerie","status":"publish","type":"product","link":"https:\/\/diized.com\/ar\/product\/nike-waffle-debute-black-noire-algerie\/","title":{"rendered":"Nike Waffle Debute &#8211; Black \/ Noire &#8211; Algerie"},"content":{"rendered":"<p>Adoptez un style unique avec la Nike Waffle Black, disponible sur Diized.com. Ce mod\u00e8le embl\u00e9matique allie confort moderne et design r\u00e9tro, id\u00e9al pour un usage quotidien ou sportif. 100% authentique et directement sourc\u00e9e, cette chaussure au look noir \u00e9l\u00e9gant vous garantit qualit\u00e9 et style, sign\u00e9s Nike. Commandez d\u00e8s maintenant et b\u00e9n\u00e9ficiez d&rsquo;une livraison rapide partout en Alg\u00e9rie !<\/p>\n<p><a class=\"wp-first-item current\" href=\"https:\/\/diized.com\/wp-admin\/edit.php?post_type=product\" aria-current=\"page\" data-abc=\"true\">Tous les produits<\/a><\/p>","protected":false},"excerpt":{"rendered":"<p>Adoptez un style unique avec la Nike Waffle Black, disponible sur Diized.com. Ce mod\u00e8le embl\u00e9matique allie confort moderne et design r\u00e9tro, id\u00e9al pour un usage quotidien ou sportif. 100% authentique et directement sourc\u00e9e, cette chaussure au look noir \u00e9l\u00e9gant vous garantit qualit\u00e9 et style, sign\u00e9s Nike. Commandez d\u00e8s maintenant et b\u00e9n\u00e9ficiez d&rsquo;une livraison rapide partout [&hellip;]<\/p>\n","protected":false},"featured_media":5003,"comment_status":"open","ping_status":"closed","template":"","meta":{"inline_featured_image":false,"site-sidebar-layout":"default","site-content-layout":"","ast-site-content-layout":"default","site-content-style":"default","site-sidebar-style":"default","ast-global-header-display":"","ast-banner-title-visibility":"","ast-main-header-display":"","ast-hfb-above-header-display":"","ast-hfb-below-header-display":"","ast-hfb-mobile-header-display":"","site-post-title":"","ast-breadcrumbs-content":"","ast-featured-img":"","footer-sml-layout":"","ast-disable-related-posts":"","theme-transparent-header-meta":"default","adv-header-id-meta":"","stick-header-meta":"","header-above-stick-meta":"","header-main-stick-meta":"","header-below-stick-meta":"","astra-migrate-meta-layouts":"set","ast-page-background-enabled":"default","ast-page-background-meta":{"desktop":{"background-color":"","background-image":"","background-repeat":"repeat","background-position":"center center","background-size":"auto","background-attachment":"scroll","background-type":"","background-media":"","overlay-type":"","overlay-color":"","overlay-opacity":"","overlay-gradient":""},"tablet":{"background-color":"","background-image":"","background-repeat":"repeat","background-position":"center center","background-size":"auto","background-attachment":"scroll","background-type":"","background-media":"","overlay-type":"","overlay-color":"","overlay-opacity":"","overlay-gradient":""},"mobile":{"background-color":"","background-image":"","background-repeat":"repeat","background-position":"center center","background-size":"auto","background-attachment":"scroll","background-type":"","background-media":"","overlay-type":"","overlay-color":"","overlay-opacity":"","overlay-gradient":""}},"ast-content-background-meta":{"desktop":{"background-color":"var(--ast-global-color-5)","background-image":"","background-repeat":"repeat","background-position":"center center","background-size":"auto","background-attachment":"scroll","background-type":"","background-media":"","overlay-type":"","overlay-color":"","overlay-opacity":"","overlay-gradient":""},"tablet":{"background-color":"var(--ast-global-color-5)","background-image":"","background-repeat":"repeat","background-position":"center center","background-size":"auto","background-attachment":"scroll","background-type":"","background-media":"","overlay-type":"","overlay-color":"","overlay-opacity":"","overlay-gradient":""},"mobile":{"background-color":"var(--ast-global-color-5)","background-image":"","background-repeat":"repeat","background-position":"center center","background-size":"auto","background-attachment":"scroll","background-type":"","background-media":"","overlay-type":"","overlay-color":"","overlay-opacity":"","overlay-gradient":""}}},"product_brand":[],"product_cat":[108],"product_tag":[109,122],"class_list":{"0":"post-4993","1":"product","2":"type-product","3":"status-publish","4":"has-post-thumbnail","6":"product_cat-chaussures","7":"product_tag-sport","8":"product_tag-sport-shoes","9":"desktop-align-center","10":"tablet-align-left","11":"mobile-align-left","13":"first","14":"outofstock","15":"shipping-taxable","16":"purchasable","17":"product-type-variable"},"jetpack_sharing_enabled":true,"_links":{"self":[{"href":"https:\/\/diized.com\/ar\/wp-json\/wp\/v2\/product\/4993","targetHints":{"allow":["GET"]}}],"collection":[{"href":"https:\/\/diized.com\/ar\/wp-json\/wp\/v2\/product"}],"about":[{"href":"https:\/\/diized.com\/ar\/wp-json\/wp\/v2\/types\/product"}],"replies":[{"embeddable":true,"href":"https:\/\/diized.com\/ar\/wp-json\/wp\/v2\/comments?post=4993"}],"version-history":[{"count":4,"href":"https:\/\/diized.com\/ar\/wp-json\/wp\/v2\/product\/4993\/revisions"}],"predecessor-version":[{"id":5600,"href":"https:\/\/diized.com\/ar\/wp-json\/wp\/v2\/product\/4993\/revisions\/5600"}],"wp:featuredmedia":[{"embeddable":true,"href":"https:\/\/diized.com\/ar\/wp-json\/wp\/v2\/media\/5003"}],"wp:attachment":[{"href":"https:\/\/diized.com\/ar\/wp-json\/wp\/v2\/media?parent=4993"}],"wp:term":[{"taxonomy":"product_brand","embeddable":true,"href":"https:\/\/diized.com\/ar\/wp-json\/wp\/v2\/product_brand?post=4993"},{"taxonomy":"product_cat","embeddable":true,"href":"https:\/\/diized.com\/ar\/wp-json\/wp\/v2\/product_cat?post=4993"},{"taxonomy":"product_tag","embeddable":true,"href":"https:\/\/diized.com\/ar\/wp-json\/wp\/v2\/product_tag?post=4993"}],"curies":[{"name":"wp","href":"https:\/\/api.w.org\/{rel}","templated":true}]}}