{"id":4778,"date":"2023-09-06T23:21:31","date_gmt":"2023-09-06T22:21:31","guid":{"rendered":"https:\/\/diized.com\/?post_type=product&#038;p=4778"},"modified":"2025-05-16T12:23:14","modified_gmt":"2025-05-16T11:23:14","slug":"pieds-anti-vibration-pour-machine-a-laver","status":"publish","type":"product","link":"https:\/\/diized.com\/ar\/product\/pieds-anti-vibration-pour-machine-a-laver\/","title":{"rendered":"\u0623\u0631\u062c\u0644 \u0627\u0644\u063a\u0633\u0627\u0644\u0629 \u0627\u0644\u0645\u0636\u0627\u062f\u0629 \u0644\u0644\u0625\u0647\u062a\u0632\u0627\u0632"},"content":{"rendered":"<div data-elementor-type=\"wp-post\" data-elementor-id=\"4778\" class=\"elementor elementor-4778\">\n\t\t\t\t<div class=\"elementor-element elementor-element-452ba5c7 e-flex e-con-boxed e-con e-parent\" data-id=\"452ba5c7\" data-element_type=\"container\" data-e-type=\"container\">\n\t\t\t\t\t<div class=\"e-con-inner\">\n\t\t\t\t<div class=\"elementor-element elementor-element-cebd0a2 elementor-widget elementor-widget-text-editor\" data-id=\"cebd0a2\" data-element_type=\"widget\" data-e-type=\"widget\" data-widget_type=\"text-editor.default\">\n\t\t\t\t<div class=\"elementor-widget-container\">\n\t\t\t\t\t\t\t\t\t<ul data-sourcepos=\"3:1-11:0\">\r\n \t<li data-sourcepos=\"3:1-3:43\">\u0623\u0631\u062c\u0644 \u0627\u0644\u063a\u0633\u0627\u0644\u0629 \u0627\u0644\u0645\u0636\u0627\u062f\u0629 \u0644\u0644\u0625\u0647\u062a\u0632\u0627\u0632<\/li>\r\n \t<li data-sourcepos=\"4:1-4:58\">\u062a\u0645\u0646\u0639 \u0625\u0647\u062a\u0632\u0627\u0632 \u063a\u0633\u0627\u0644\u0629 \u0627\u0644\u0645\u0644\u0627\u0628\u0633<\/li>\r\n \t<li data-sourcepos=\"5:1-5:63\">\u0645\u062b\u0627\u0644\u064a \u0644\u0645\u0646 \u0639\u0646\u062f\u0647 \u0633\u0637\u062d \u0623\u0645\u0644\u0633 \u0645\u062b\u0644 \u0627\u0644\u0628\u0644\u0627\u0637 \u0627\u0648 \u0627\u0644\u0628\u0627\u0631\u0643\u064a<\/li>\r\n \t<li data-sourcepos=\"6:1-6:20\">\u0633\u0647\u0644\u0629 \u0627\u0644\u0625\u0633\u062a\u062e\u062f\u0627\u0645<\/li>\r\n \t<li data-sourcepos=\"7:1-7:16\">\u0645\u062c\u0645\u0648\u0639\u0629 \u0645\u0646 04 \u0623\u0631\u0628\u0639 \u0623\u0631\u062c\u0644<\/li>\r\n \t<li data-sourcepos=\"8:1-8:35\">\u0623\u0644\u0645\u0642\u0627\u0633\u0627\u062a: 4,5 \u0633\u0645 X 6\u0633\u0645 X 2\u0633\u0645<\/li>\r\n \t<li data-sourcepos=\"9:1-9:17\">Couleur : gris<\/li>\r\n \t<li data-sourcepos=\"10:1-11:0\">\u0645\u0646\u0627\u0633\u0628 \u0644\u0623\u063a\u0644\u0628 \u0623\u0646\u0648\u0627\u0639 \u0627\u0644\u063a\u0633\u0627\u0644\u0627\u062a<\/li>\r\n<\/ul>\t\t\t\t\t\t\t\t<\/div>\n\t\t\t\t<\/div>\n\t\t\t\t\t<\/div>\n\t\t\t\t<\/div>\n\t\t\t\t<\/div>","protected":false},"excerpt":{"rendered":"<p>Pieds anti-vibration pour machine \u00e0 laver Emp\u00eache les vibrations et le bruit de la machine \u00e0 laver Id\u00e9al pour les sols fragiles comme le parquet ou le carrelage Facile \u00e0 installer Lot de 4 pieds Dimensions : 4,5 cm x 6 cm x 2 cm Couleur : gris Compatible avec la plupart des machines \u00e0 [&hellip;]<\/p>\n","protected":false},"featured_media":4780,"comment_status":"open","ping_status":"closed","template":"","meta":{"inline_featured_image":false,"site-sidebar-layout":"default","site-content-layout":"","ast-site-content-layout":"default","site-content-style":"default","site-sidebar-style":"default","ast-global-header-display":"","ast-banner-title-visibility":"","ast-main-header-display":"","ast-hfb-above-header-display":"","ast-hfb-below-header-display":"","ast-hfb-mobile-header-display":"","site-post-title":"","ast-breadcrumbs-content":"","ast-featured-img":"","footer-sml-layout":"","ast-disable-related-posts":"","theme-transparent-header-meta":"default","adv-header-id-meta":"","stick-header-meta":"","header-above-stick-meta":"","header-main-stick-meta":"","header-below-stick-meta":"","astra-migrate-meta-layouts":"set","ast-page-background-enabled":"default","ast-page-background-meta":{"desktop":{"background-color":"","background-image":"","background-repeat":"repeat","background-position":"center center","background-size":"auto","background-attachment":"scroll","background-type":"","background-media":"","overlay-type":"","overlay-color":"","overlay-opacity":"","overlay-gradient":""},"tablet":{"background-color":"","background-image":"","background-repeat":"repeat","background-position":"center center","background-size":"auto","background-attachment":"scroll","background-type":"","background-media":"","overlay-type":"","overlay-color":"","overlay-opacity":"","overlay-gradient":""},"mobile":{"background-color":"","background-image":"","background-repeat":"repeat","background-position":"center center","background-size":"auto","background-attachment":"scroll","background-type":"","background-media":"","overlay-type":"","overlay-color":"","overlay-opacity":"","overlay-gradient":""}},"ast-content-background-meta":{"desktop":{"background-color":"var(--ast-global-color-5)","background-image":"","background-repeat":"repeat","background-position":"center center","background-size":"auto","background-attachment":"scroll","background-type":"","background-media":"","overlay-type":"","overlay-color":"","overlay-opacity":"","overlay-gradient":""},"tablet":{"background-color":"var(--ast-global-color-5)","background-image":"","background-repeat":"repeat","background-position":"center center","background-size":"auto","background-attachment":"scroll","background-type":"","background-media":"","overlay-type":"","overlay-color":"","overlay-opacity":"","overlay-gradient":""},"mobile":{"background-color":"var(--ast-global-color-5)","background-image":"","background-repeat":"repeat","background-position":"center center","background-size":"auto","background-attachment":"scroll","background-type":"","background-media":"","overlay-type":"","overlay-color":"","overlay-opacity":"","overlay-gradient":""}}},"product_brand":[],"product_cat":[92],"product_tag":[],"class_list":{"0":"post-4778","1":"product","2":"type-product","3":"status-publish","4":"has-post-thumbnail","6":"product_cat-maison-et-cuisine","7":"desktop-align-center","8":"tablet-align-left","9":"mobile-align-left","11":"first","12":"instock","13":"sale","14":"featured","15":"shipping-taxable","16":"purchasable","17":"product-type-simple"},"jetpack_sharing_enabled":true,"_links":{"self":[{"href":"https:\/\/diized.com\/ar\/wp-json\/wp\/v2\/product\/4778","targetHints":{"allow":["GET"]}}],"collection":[{"href":"https:\/\/diized.com\/ar\/wp-json\/wp\/v2\/product"}],"about":[{"href":"https:\/\/diized.com\/ar\/wp-json\/wp\/v2\/types\/product"}],"replies":[{"embeddable":true,"href":"https:\/\/diized.com\/ar\/wp-json\/wp\/v2\/comments?post=4778"}],"version-history":[{"count":0,"href":"https:\/\/diized.com\/ar\/wp-json\/wp\/v2\/product\/4778\/revisions"}],"wp:featuredmedia":[{"embeddable":true,"href":"https:\/\/diized.com\/ar\/wp-json\/wp\/v2\/media\/4780"}],"wp:attachment":[{"href":"https:\/\/diized.com\/ar\/wp-json\/wp\/v2\/media?parent=4778"}],"wp:term":[{"taxonomy":"product_brand","embeddable":true,"href":"https:\/\/diized.com\/ar\/wp-json\/wp\/v2\/product_brand?post=4778"},{"taxonomy":"product_cat","embeddable":true,"href":"https:\/\/diized.com\/ar\/wp-json\/wp\/v2\/product_cat?post=4778"},{"taxonomy":"product_tag","embeddable":true,"href":"https:\/\/diized.com\/ar\/wp-json\/wp\/v2\/product_tag?post=4778"}],"curies":[{"name":"wp","href":"https:\/\/api.w.org\/{rel}","templated":true}]}}