{"id":4768,"date":"2023-09-04T18:24:09","date_gmt":"2023-09-04T17:24:09","guid":{"rendered":"https:\/\/diized.com\/?post_type=product&#038;p=4768"},"modified":"2024-10-08T22:51:07","modified_gmt":"2024-10-08T21:51:07","slug":"sac-a-dos-simple-et-elegant-bonne-qualite-et-prix-unisex","status":"publish","type":"product","link":"https:\/\/diized.com\/ar\/product\/sac-a-dos-simple-et-elegant-bonne-qualite-et-prix-unisex\/","title":{"rendered":"\u062d\u0642\u064a\u0628\u0629 \u0638\u0647\u0631 \u0628\u0633\u064a\u0637\u0629 \u0648 \u0623\u0646\u064a\u0642\u0629 \u0641\u0627\u0626\u0642\u0629 \u0627\u0644\u062c\u0648\u062f\u0629 \u0628\u0633\u0639\u0631 \u062c\u064a\u062f - \u0644\u0644\u062c\u0646\u0633\u064a\u0646"},"content":{"rendered":"<p>\u062d\u0642\u064a\u0628\u0629 \u0627\u0644\u0638\u0647\u0631 \u0647\u0630\u0647 \u0645\u062b\u0627\u0644\u064a\u0629 \u0644\u0644\u0631\u062c\u0627\u0644 \u0648\u0627\u0644\u0646\u0633\u0627\u0621 \u0627\u0644\u0630\u064a\u0646 \u064a\u0628\u062d\u062b\u0648\u0646 \u0639\u0646 \u062d\u0642\u064a\u0628\u0629 \u0628\u0633\u064a\u0637\u0629 \u0648\u0623\u0646\u064a\u0642\u0629 \u0628\u0633\u0639\u0631 \u0641\u064a \u0627\u0644\u0645\u062a\u0646\u0627\u0648\u0644. \u0645\u0635\u0646\u0648\u0639\u0629 \u0645\u0646 \u0645\u0648\u0627\u062f \u0639\u0627\u0644\u064a\u0629 \u0627\u0644\u062c\u0648\u062f\u0629 \u0645\u0645\u0627 \u064a\u062c\u0639\u0644\u0647 \u0645\u062a\u064a\u0646\u064b\u0627 \u0648\u0634\u062f\u064a\u062f \u0627\u0644\u062a\u062d\u0645\u0644. \u0643\u0645\u0627 \u0623\u0646\u0647\u0627 \u0648\u0627\u0633\u0639\u0629\u060c \u0645\u0645\u0627 \u064a\u0633\u0645\u062d \u0644\u0643 \u0628\u062d\u0645\u0644 \u0643\u0644 \u0645\u0627 \u062a\u062d\u062a\u0627\u062c\u0647 \u0633\u0648\u0627\u0621 \u0643\u0646\u062a \u0630\u0627\u0647\u0628\u064b\u0627 \u0625\u0644\u0649 \u0627\u0644\u0639\u0645\u0644 \u0623\u0648 \u0627\u0644\u0645\u062f\u0631\u0633\u0629 \u0623\u0648 \u0627\u0644\u0633\u0641\u0631.<\/p>\n<p>\u062d\u0642\u064a\u0628\u0629 \u0627\u0644\u0638\u0647\u0631 \u0645\u062a\u0648\u0641\u0631\u0629 \u062d\u0627\u0644\u064a\u064b\u0627 \u0641\u064a \u0627\u0644\u062c\u0632\u0627\u0626\u0631\u060c \u0641\u0644\u0627 \u062a\u062a\u0631\u062f\u062f \u0641\u064a \u0625\u0642\u062a\u0646\u0627\u0626\u0647\u0627 !<\/p>","protected":false},"excerpt":{"rendered":"<p>Ce sac \u00e0 dos est parfait pour les hommes et les femmes qui recherchent un sac simple et \u00e9l\u00e9gant \u00e0 un prix abordable. Il est fabriqu\u00e9 \u00e0 partir de mat\u00e9riaux de haute qualit\u00e9 qui le rend durable et r\u00e9sistant \u00e0 l&rsquo;usure. Il est \u00e9galement spacieux, ce qui vous permet de transporter tout ce dont vous [&hellip;]<\/p>\n","protected":false},"featured_media":4772,"comment_status":"open","ping_status":"closed","template":"","meta":{"inline_featured_image":false,"site-sidebar-layout":"default","site-content-layout":"","ast-site-content-layout":"default","site-content-style":"default","site-sidebar-style":"default","ast-global-header-display":"","ast-banner-title-visibility":"","ast-main-header-display":"","ast-hfb-above-header-display":"","ast-hfb-below-header-display":"","ast-hfb-mobile-header-display":"","site-post-title":"","ast-breadcrumbs-content":"","ast-featured-img":"","footer-sml-layout":"","ast-disable-related-posts":"","theme-transparent-header-meta":"default","adv-header-id-meta":"","stick-header-meta":"","header-above-stick-meta":"","header-main-stick-meta":"","header-below-stick-meta":"","astra-migrate-meta-layouts":"set","ast-page-background-enabled":"default","ast-page-background-meta":{"desktop":{"background-color":"","background-image":"","background-repeat":"repeat","background-position":"center center","background-size":"auto","background-attachment":"scroll","background-type":"","background-media":"","overlay-type":"","overlay-color":"","overlay-opacity":"","overlay-gradient":""},"tablet":{"background-color":"","background-image":"","background-repeat":"repeat","background-position":"center center","background-size":"auto","background-attachment":"scroll","background-type":"","background-media":"","overlay-type":"","overlay-color":"","overlay-opacity":"","overlay-gradient":""},"mobile":{"background-color":"","background-image":"","background-repeat":"repeat","background-position":"center center","background-size":"auto","background-attachment":"scroll","background-type":"","background-media":"","overlay-type":"","overlay-color":"","overlay-opacity":"","overlay-gradient":""}},"ast-content-background-meta":{"desktop":{"background-color":"var(--ast-global-color-5)","background-image":"","background-repeat":"repeat","background-position":"center center","background-size":"auto","background-attachment":"scroll","background-type":"","background-media":"","overlay-type":"","overlay-color":"","overlay-opacity":"","overlay-gradient":""},"tablet":{"background-color":"var(--ast-global-color-5)","background-image":"","background-repeat":"repeat","background-position":"center center","background-size":"auto","background-attachment":"scroll","background-type":"","background-media":"","overlay-type":"","overlay-color":"","overlay-opacity":"","overlay-gradient":""},"mobile":{"background-color":"var(--ast-global-color-5)","background-image":"","background-repeat":"repeat","background-position":"center center","background-size":"auto","background-attachment":"scroll","background-type":"","background-media":"","overlay-type":"","overlay-color":"","overlay-opacity":"","overlay-gradient":""}}},"product_brand":[],"product_cat":[93],"product_tag":[],"class_list":{"0":"post-4768","1":"product","2":"type-product","3":"status-publish","4":"has-post-thumbnail","6":"product_cat-articles-scolaires","7":"desktop-align-center","8":"tablet-align-left","9":"mobile-align-left","11":"first","12":"instock","13":"sale","14":"featured","15":"shipping-taxable","16":"purchasable","17":"product-type-variable"},"jetpack_sharing_enabled":true,"_links":{"self":[{"href":"https:\/\/diized.com\/ar\/wp-json\/wp\/v2\/product\/4768","targetHints":{"allow":["GET"]}}],"collection":[{"href":"https:\/\/diized.com\/ar\/wp-json\/wp\/v2\/product"}],"about":[{"href":"https:\/\/diized.com\/ar\/wp-json\/wp\/v2\/types\/product"}],"replies":[{"embeddable":true,"href":"https:\/\/diized.com\/ar\/wp-json\/wp\/v2\/comments?post=4768"}],"version-history":[{"count":0,"href":"https:\/\/diized.com\/ar\/wp-json\/wp\/v2\/product\/4768\/revisions"}],"wp:featuredmedia":[{"embeddable":true,"href":"https:\/\/diized.com\/ar\/wp-json\/wp\/v2\/media\/4772"}],"wp:attachment":[{"href":"https:\/\/diized.com\/ar\/wp-json\/wp\/v2\/media?parent=4768"}],"wp:term":[{"taxonomy":"product_brand","embeddable":true,"href":"https:\/\/diized.com\/ar\/wp-json\/wp\/v2\/product_brand?post=4768"},{"taxonomy":"product_cat","embeddable":true,"href":"https:\/\/diized.com\/ar\/wp-json\/wp\/v2\/product_cat?post=4768"},{"taxonomy":"product_tag","embeddable":true,"href":"https:\/\/diized.com\/ar\/wp-json\/wp\/v2\/product_tag?post=4768"}],"curies":[{"name":"wp","href":"https:\/\/api.w.org\/{rel}","templated":true}]}}