{"id":4726,"date":"2023-09-01T22:37:08","date_gmt":"2023-09-01T21:37:08","guid":{"rendered":"https:\/\/diized.com\/?post_type=product&#038;p=4726"},"modified":"2024-10-15T23:16:59","modified_gmt":"2024-10-15T22:16:59","slug":"sac-a-dos-scolaire-shark-bon-prix","status":"publish","type":"product","link":"https:\/\/diized.com\/ar\/product\/sac-a-dos-scolaire-shark-bon-prix\/","title":{"rendered":"\u0645\u062d\u0641\u0638\u0629  \u0636\u0647\u0631\u0645\u062f\u0631\u0633\u064a\u0629 \u0627\u0644\u0642\u0631\u0634 1 - \u0633\u0639\u0631 \u062e\u064a\u0627\u0644\u064a !"},"content":{"rendered":"<p>Le sac \u00e0 dos Shark 1 compartiment attire l&rsquo;attention par son style d\u00e9contract\u00e9, arborant un motif de requin color\u00e9 sur toute sa surface et une silhouette minimaliste. En harmonie avec les tendances contemporaines, il offre non seulement une esth\u00e9tique moderne, mais \u00e9galement de multiples fonctionnalit\u00e9s pratiques.<\/p>","protected":false},"excerpt":{"rendered":"<p>Le sac \u00e0 dos Shark 1 compartiment attire l&rsquo;attention par son style d\u00e9contract\u00e9, arborant un motif de requin color\u00e9 sur toute sa surface et une silhouette minimaliste. En harmonie avec les tendances contemporaines, il offre non seulement une esth\u00e9tique moderne, mais \u00e9galement de multiples fonctionnalit\u00e9s pratiques.<\/p>","protected":false},"featured_media":4728,"comment_status":"open","ping_status":"closed","template":"","meta":{"inline_featured_image":false,"site-sidebar-layout":"default","site-content-layout":"","ast-site-content-layout":"default","site-content-style":"default","site-sidebar-style":"default","ast-global-header-display":"","ast-banner-title-visibility":"","ast-main-header-display":"","ast-hfb-above-header-display":"","ast-hfb-below-header-display":"","ast-hfb-mobile-header-display":"","site-post-title":"","ast-breadcrumbs-content":"","ast-featured-img":"","footer-sml-layout":"","ast-disable-related-posts":"","theme-transparent-header-meta":"default","adv-header-id-meta":"","stick-header-meta":"","header-above-stick-meta":"","header-main-stick-meta":"","header-below-stick-meta":"","astra-migrate-meta-layouts":"set","ast-page-background-enabled":"default","ast-page-background-meta":{"desktop":{"background-color":"","background-image":"","background-repeat":"repeat","background-position":"center center","background-size":"auto","background-attachment":"scroll","background-type":"","background-media":"","overlay-type":"","overlay-color":"","overlay-opacity":"","overlay-gradient":""},"tablet":{"background-color":"","background-image":"","background-repeat":"repeat","background-position":"center center","background-size":"auto","background-attachment":"scroll","background-type":"","background-media":"","overlay-type":"","overlay-color":"","overlay-opacity":"","overlay-gradient":""},"mobile":{"background-color":"","background-image":"","background-repeat":"repeat","background-position":"center center","background-size":"auto","background-attachment":"scroll","background-type":"","background-media":"","overlay-type":"","overlay-color":"","overlay-opacity":"","overlay-gradient":""}},"ast-content-background-meta":{"desktop":{"background-color":"var(--ast-global-color-5)","background-image":"","background-repeat":"repeat","background-position":"center center","background-size":"auto","background-attachment":"scroll","background-type":"","background-media":"","overlay-type":"","overlay-color":"","overlay-opacity":"","overlay-gradient":""},"tablet":{"background-color":"var(--ast-global-color-5)","background-image":"","background-repeat":"repeat","background-position":"center center","background-size":"auto","background-attachment":"scroll","background-type":"","background-media":"","overlay-type":"","overlay-color":"","overlay-opacity":"","overlay-gradient":""},"mobile":{"background-color":"var(--ast-global-color-5)","background-image":"","background-repeat":"repeat","background-position":"center center","background-size":"auto","background-attachment":"scroll","background-type":"","background-media":"","overlay-type":"","overlay-color":"","overlay-opacity":"","overlay-gradient":""}}},"product_brand":[],"product_cat":[93],"product_tag":[100],"class_list":{"0":"post-4726","1":"product","2":"type-product","3":"status-publish","4":"has-post-thumbnail","6":"product_cat-articles-scolaires","7":"product_tag-blue","8":"desktop-align-center","9":"tablet-align-left","10":"mobile-align-left","12":"first","13":"instock","14":"sale","15":"featured","16":"shipping-taxable","17":"purchasable","18":"product-type-simple"},"jetpack_sharing_enabled":true,"_links":{"self":[{"href":"https:\/\/diized.com\/ar\/wp-json\/wp\/v2\/product\/4726","targetHints":{"allow":["GET"]}}],"collection":[{"href":"https:\/\/diized.com\/ar\/wp-json\/wp\/v2\/product"}],"about":[{"href":"https:\/\/diized.com\/ar\/wp-json\/wp\/v2\/types\/product"}],"replies":[{"embeddable":true,"href":"https:\/\/diized.com\/ar\/wp-json\/wp\/v2\/comments?post=4726"}],"version-history":[{"count":1,"href":"https:\/\/diized.com\/ar\/wp-json\/wp\/v2\/product\/4726\/revisions"}],"predecessor-version":[{"id":5439,"href":"https:\/\/diized.com\/ar\/wp-json\/wp\/v2\/product\/4726\/revisions\/5439"}],"wp:featuredmedia":[{"embeddable":true,"href":"https:\/\/diized.com\/ar\/wp-json\/wp\/v2\/media\/4728"}],"wp:attachment":[{"href":"https:\/\/diized.com\/ar\/wp-json\/wp\/v2\/media?parent=4726"}],"wp:term":[{"taxonomy":"product_brand","embeddable":true,"href":"https:\/\/diized.com\/ar\/wp-json\/wp\/v2\/product_brand?post=4726"},{"taxonomy":"product_cat","embeddable":true,"href":"https:\/\/diized.com\/ar\/wp-json\/wp\/v2\/product_cat?post=4726"},{"taxonomy":"product_tag","embeddable":true,"href":"https:\/\/diized.com\/ar\/wp-json\/wp\/v2\/product_tag?post=4726"}],"curies":[{"name":"wp","href":"https:\/\/api.w.org\/{rel}","templated":true}]}}