{"id":4536,"date":"2023-08-26T18:37:36","date_gmt":"2023-08-26T17:37:36","guid":{"rendered":"https:\/\/diized.com\/?post_type=product&#038;p=4536"},"modified":"2023-09-03T16:46:47","modified_gmt":"2023-09-03T15:46:47","slug":"sac-a-dos-scolaire-pour-enfant-fille-ou-garcon-a-bon-prix","status":"publish","type":"product","link":"https:\/\/diized.com\/ar\/product\/sac-a-dos-scolaire-pour-enfant-fille-ou-garcon-a-bon-prix\/","title":{"rendered":"\u062d\u0642\u064a\u0628\u0629 \u0636\u0647\u0631 \u0644\u0644\u0623\u0637\u0641\u0627\u0644 -\u0623\u0648\u0644\u0627\u062f \u0648 \u0628\u0646\u0627\u062a  \u0633\u0639\u0631\u0645\u0645\u064a\u0632"},"content":{"rendered":"<p>\u0627\u0643\u062a\u0634\u0641 \u062d\u0642\u064a\u0628\u0629 \u0627\u0644\u0638\u0647\u0631 \u0627\u0644\u0645\u062f\u0631\u0633\u064a\u0629 \u0647\u0630\u0647\u060c \u0627\u0644\u0645\u0635\u0645\u0645\u0629 \u0644\u0645\u0631\u0627\u0641\u0642\u0629 \u0627\u0644\u0623\u0637\u0641\u0627\u0644 \u0645\u0646 \u0627\u0644\u0645\u062f\u0631\u0633\u0629 \u0627\u0644\u0627\u0628\u062a\u062f\u0627\u0626\u064a\u0629 \u0625\u0644\u0649 \u0627\u0644\u0645\u062f\u0631\u0633\u0629 \u0627\u0644\u0645\u062a\u0648\u0633\u0637\u0629 \u0641\u064a \u0631\u062d\u0644\u062a\u0647\u0645 \u0627\u0644\u062a\u0639\u0644\u064a\u0645\u064a\u0629. \u062a\u0639\u062a\u0628\u0631 \u062d\u0642\u064a\u0628\u0629 \u0627\u0644\u0638\u0647\u0631 \u0647\u0630\u0647\u060c \u0627\u0644\u0639\u0645\u0644\u064a\u0629 \u0648\u0627\u0644\u0645\u062a\u064a\u0646\u0629 \u0648\u0627\u0644\u0623\u0646\u064a\u0642\u0629\u060c \u0627\u0644\u0631\u0641\u064a\u0642 \u0627\u0644\u0645\u062b\u0627\u0644\u064a \u0644\u0628\u062f\u0627\u064a\u0629 \u0646\u0627\u062c\u062d\u0629 \u0644\u0644\u0639\u0627\u0645 \u0627\u0644\u062f\u0631\u0627\u0633\u064a\u060c \u0648\u0647\u064a \u0645\u062a\u0648\u0641\u0631\u0629 \u0628\u0633\u0639\u0631 \u0641\u064a \u0645\u062a\u0646\u0627\u0648\u0644 \u0627\u0644\u062c\u0645\u064a\u0639. \u0645\u062c\u0647\u0632\u0629 \u0628\u0645\u0642\u0635\u0648\u0631\u0627\u062a \u0648\u0627\u0633\u0639\u0629 \u0644\u0644\u062a\u0646\u0638\u064a\u0645 \u0627\u0644\u0623\u0645\u062b\u0644\u060c \u0641\u0647\u064a \u062a\u062a\u0643\u064a\u0641 \u0628\u0634\u0643\u0644 \u0645\u062b\u0627\u0644\u064a \u0645\u0639 \u0627\u062d\u062a\u064a\u0627\u062c\u0627\u062a \u0627\u0644\u0637\u0644\u0627\u0628. \u062a\u0636\u0645\u0646 \u0627\u0644\u0623\u0634\u0631\u0637\u0629 \u0627\u0644\u0642\u0627\u0628\u0644\u0629 \u0644\u0644\u062a\u0639\u062f\u064a\u0644 \u0627\u0644\u0631\u0627\u062d\u0629 \u0627\u0644\u0645\u062b\u0627\u0644\u064a\u0629. \u0627\u0645\u0646\u062d \u0637\u0641\u0644\u0643 \u0625\u0643\u0633\u0633\u0648\u0627\u0631\u064b\u0627 \u064a\u062c\u0645\u0639 \u0628\u064a\u0646 \u0627\u0644\u062a\u0637\u0628\u064a\u0642 \u0627\u0644\u0639\u0645\u0644\u064a \u0648\u0627\u0644\u0623\u0646\u0627\u0642\u0629 \u0648\u0627\u0644\u0642\u064a\u0645\u0629. \u0627\u0637\u0644\u0628 \u0627\u0644\u064a\u0648\u0645 \u0644\u0633\u0646\u0629 \u062f\u0631\u0627\u0633\u064a\u0629 \u0646\u0627\u062c\u062d\u0629.<\/p>","protected":false},"excerpt":{"rendered":"<p>D\u00e9couvrez notre sac \u00e0 dos scolaire con\u00e7u pour accompagner les enfants de l&rsquo;\u00e9cole primaire au coll\u00e8ge dans leur parcours \u00e9ducatif. Pratique, durable et \u00e9l\u00e9gant, ce sac \u00e0 dos est le compagnon id\u00e9al pour une rentr\u00e9e r\u00e9ussie, offert \u00e0 un prix abordable. Dot\u00e9 de compartiments spacieux pour une organisation optimale, il s&rsquo;adapte parfaitement aux besoins des [&hellip;]<\/p>\n","protected":false},"featured_media":4744,"comment_status":"open","ping_status":"closed","template":"","meta":{"inline_featured_image":false,"site-sidebar-layout":"default","site-content-layout":"","ast-site-content-layout":"default","site-content-style":"default","site-sidebar-style":"default","ast-global-header-display":"","ast-banner-title-visibility":"","ast-main-header-display":"","ast-hfb-above-header-display":"","ast-hfb-below-header-display":"","ast-hfb-mobile-header-display":"","site-post-title":"","ast-breadcrumbs-content":"","ast-featured-img":"","footer-sml-layout":"","ast-disable-related-posts":"","theme-transparent-header-meta":"default","adv-header-id-meta":"","stick-header-meta":"","header-above-stick-meta":"","header-main-stick-meta":"","header-below-stick-meta":"","astra-migrate-meta-layouts":"set","ast-page-background-enabled":"default","ast-page-background-meta":{"desktop":{"background-color":"","background-image":"","background-repeat":"repeat","background-position":"center center","background-size":"auto","background-attachment":"scroll","background-type":"","background-media":"","overlay-type":"","overlay-color":"","overlay-opacity":"","overlay-gradient":""},"tablet":{"background-color":"","background-image":"","background-repeat":"repeat","background-position":"center center","background-size":"auto","background-attachment":"scroll","background-type":"","background-media":"","overlay-type":"","overlay-color":"","overlay-opacity":"","overlay-gradient":""},"mobile":{"background-color":"","background-image":"","background-repeat":"repeat","background-position":"center center","background-size":"auto","background-attachment":"scroll","background-type":"","background-media":"","overlay-type":"","overlay-color":"","overlay-opacity":"","overlay-gradient":""}},"ast-content-background-meta":{"desktop":{"background-color":"var(--ast-global-color-5)","background-image":"","background-repeat":"repeat","background-position":"center center","background-size":"auto","background-attachment":"scroll","background-type":"","background-media":"","overlay-type":"","overlay-color":"","overlay-opacity":"","overlay-gradient":""},"tablet":{"background-color":"var(--ast-global-color-5)","background-image":"","background-repeat":"repeat","background-position":"center center","background-size":"auto","background-attachment":"scroll","background-type":"","background-media":"","overlay-type":"","overlay-color":"","overlay-opacity":"","overlay-gradient":""},"mobile":{"background-color":"var(--ast-global-color-5)","background-image":"","background-repeat":"repeat","background-position":"center center","background-size":"auto","background-attachment":"scroll","background-type":"","background-media":"","overlay-type":"","overlay-color":"","overlay-opacity":"","overlay-gradient":""}}},"product_brand":[],"product_cat":[93],"product_tag":[],"class_list":{"0":"post-4536","1":"product","2":"type-product","3":"status-publish","4":"has-post-thumbnail","6":"product_cat-articles-scolaires","7":"desktop-align-center","8":"tablet-align-left","9":"mobile-align-left","11":"first","12":"instock","13":"featured","14":"shipping-taxable","15":"purchasable","16":"product-type-variable"},"jetpack_sharing_enabled":true,"_links":{"self":[{"href":"https:\/\/diized.com\/ar\/wp-json\/wp\/v2\/product\/4536","targetHints":{"allow":["GET"]}}],"collection":[{"href":"https:\/\/diized.com\/ar\/wp-json\/wp\/v2\/product"}],"about":[{"href":"https:\/\/diized.com\/ar\/wp-json\/wp\/v2\/types\/product"}],"replies":[{"embeddable":true,"href":"https:\/\/diized.com\/ar\/wp-json\/wp\/v2\/comments?post=4536"}],"version-history":[{"count":0,"href":"https:\/\/diized.com\/ar\/wp-json\/wp\/v2\/product\/4536\/revisions"}],"wp:featuredmedia":[{"embeddable":true,"href":"https:\/\/diized.com\/ar\/wp-json\/wp\/v2\/media\/4744"}],"wp:attachment":[{"href":"https:\/\/diized.com\/ar\/wp-json\/wp\/v2\/media?parent=4536"}],"wp:term":[{"taxonomy":"product_brand","embeddable":true,"href":"https:\/\/diized.com\/ar\/wp-json\/wp\/v2\/product_brand?post=4536"},{"taxonomy":"product_cat","embeddable":true,"href":"https:\/\/diized.com\/ar\/wp-json\/wp\/v2\/product_cat?post=4536"},{"taxonomy":"product_tag","embeddable":true,"href":"https:\/\/diized.com\/ar\/wp-json\/wp\/v2\/product_tag?post=4536"}],"curies":[{"name":"wp","href":"https:\/\/api.w.org\/{rel}","templated":true}]}}