{"id":5399,"date":"2024-10-14T19:48:28","date_gmt":"2024-10-14T18:48:28","guid":{"rendered":"https:\/\/diized.com\/?page_id=5399"},"modified":"2024-10-14T20:06:11","modified_gmt":"2024-10-14T19:06:11","slug":"delivery_policy","status":"publish","type":"page","link":"https:\/\/diized.com\/ar\/delivery_policy\/","title":{"rendered":"\u0633\u064a\u0627\u0633\u0629 \u0627\u0644\u062a\u0648\u0635\u064a\u0644 \u0639\u0646\u062f \u062f\u064a\u0632\u0627\u062f"},"content":{"rendered":"<p class=\"translation-block\">\u0641\u064a \u062f\u064a\u0632\u062f \u060c\u0627\u0644\u062a\u0648\u0635\u064a\u0644 <strong><mark style=\"background-color:var(--ast-global-color-1)\" class=\"has-inline-color has-ast-global-color-2-color\">\u0645\u062c\u0627\u0646\u064a<\/mark><\/strong><mark class=\"has-inline-color has-ast-global-color-1-color\"> <\/mark> \u0639\u0644\u0649 \u062c\u0645\u064a\u0639 \u0627\u0644\u0637\u0644\u0628\u064a\u0627\u062a \u060c \u062f\u0648\u0646 \u0627\u0644\u062d\u062f \u0627\u0644\u0623\u062f\u0646\u0649 \u0644\u0644\u0634\u0631\u0627\u0621.<\/p>\n\n\n\n<p>Nous offrons la livraison gratuite \u00e0 domicile dans la mesure du possible. Si la livraison \u00e0 domicile n&rsquo;est pas disponible dans votre r\u00e9gion, nous vous proposerons une alternative de retrait en point de collecte (Stop Desk).<\/p>\n\n\n\n<h3 class=\"wp-block-heading\">\u0627\u0644\u0645\u0646\u0627\u0637\u0642 \u0648 \u0645\u062f\u0629 \u0627\u0644\u062a\u0633\u0644\u064a\u0645<\/h3>\n\n\n\n<ul class=\"wp-block-list\">\n<li><strong>\u0627\u0644\u062c\u0632\u0627\u0626\u0631 \u0627\u0644\u0639\u0627\u0635\u0645\u0629<\/strong> : \u0627\u0644\u062a\u0633\u0644\u064a\u0645 \u0641\u064a \u0646\u0641\u0633 \u0627\u0644\u064a\u0648\u0645 \u0644\u0644\u0637\u0644\u0628\u0627\u062a \u0627\u0644\u0645\u0642\u062f\u0645\u0629 \u0642\u0628\u0644 \u0627\u0644\u0633\u0627\u0639\u0629 14 \u0645\u0633\u0627\u0621.<\/li>\n\n\n\n<li><strong>\u0627\u0644\u0645\u062f\u0646 \u0627\u0644\u0643\u0628\u0631\u0649<\/strong> : \u0627\u0644\u062a\u0633\u0644\u064a\u0645 \u0641\u064a 2 \u0623\u064a\u0627\u0645 \u0639\u0645\u0644 \u0641\u064a \u0645\u0639\u0638\u0645 \u0627\u0644\u062d\u0627\u0644\u0627\u062a.<\/li>\n\n\n\n<li><strong>\u0627\u0644\u0645\u0646\u0627\u0637\u0642 \u0627\u0644\u0623\u062e\u0631\u0649<\/strong> :\u0645\u062f\u0629 \u0627\u0644\u062a\u0633\u0644\u064a\u0645 \u0628\u064a\u0646 1 \u0648 5 \u0623\u064a\u0627\u0645 \u0639\u0645\u0644 \u060c \u062d\u0633\u0628 \u0627\u0644\u0645\u0633\u0627\u0641\u0629 \u0648\u0627\u0644\u0645\u0648\u0642\u0639.<\/li>\n<\/ul>\n\n\n\n<h3 class=\"wp-block-heading\">\u0627\u0644\u062a\u0623\u062e\u064a\u0631 \u0648 \u0645\u0634\u0627\u0643\u0644 \u0627\u0644\u062a\u0648\u0635\u064a\u0644<\/h3>\n\n\n\n<p>Si votre commande prend plus de temps que pr\u00e9vu, n&rsquo;h\u00e9sitez pas \u00e0 contacter notre service client pour une assistance rapide.<\/p>","protected":false},"excerpt":{"rendered":"<p>Chez Diized, la livraison est gratuite sur toutes les commandes, sans minimum d&rsquo;achat. Nous offrons la livraison gratuite \u00e0 domicile dans la mesure du possible. Si la livraison \u00e0 domicile n&rsquo;est pas disponible dans votre r\u00e9gion, nous vous proposerons une alternative de retrait en point de collecte (Stop Desk). Zones et D\u00e9lais de Livraison Retards [&hellip;]<\/p>\n","protected":false},"author":1,"featured_media":0,"parent":0,"menu_order":0,"comment_status":"closed","ping_status":"closed","template":"elementor_theme","meta":{"inline_featured_image":false,"site-sidebar-layout":"default","site-content-layout":"","ast-site-content-layout":"normal-width-container","site-content-style":"default","site-sidebar-style":"default","ast-global-header-display":"","ast-banner-title-visibility":"","ast-main-header-display":"","ast-hfb-above-header-display":"","ast-hfb-below-header-display":"","ast-hfb-mobile-header-display":"","site-post-title":"","ast-breadcrumbs-content":"","ast-featured-img":"","footer-sml-layout":"","ast-disable-related-posts":"","theme-transparent-header-meta":"","adv-header-id-meta":"","stick-header-meta":"","header-above-stick-meta":"","header-main-stick-meta":"","header-below-stick-meta":"","astra-migrate-meta-layouts":"set","ast-page-background-enabled":"default","ast-page-background-meta":{"desktop":{"background-color":"","background-image":"","background-repeat":"repeat","background-position":"center center","background-size":"auto","background-attachment":"scroll","background-type":"","background-media":"","overlay-type":"","overlay-color":"","overlay-opacity":"","overlay-gradient":""},"tablet":{"background-color":"","background-image":"","background-repeat":"repeat","background-position":"center center","background-size":"auto","background-attachment":"scroll","background-type":"","background-media":"","overlay-type":"","overlay-color":"","overlay-opacity":"","overlay-gradient":""},"mobile":{"background-color":"","background-image":"","background-repeat":"repeat","background-position":"center center","background-size":"auto","background-attachment":"scroll","background-type":"","background-media":"","overlay-type":"","overlay-color":"","overlay-opacity":"","overlay-gradient":""}},"ast-content-background-meta":{"desktop":{"background-color":"var(--ast-global-color-5)","background-image":"","background-repeat":"repeat","background-position":"center center","background-size":"auto","background-attachment":"scroll","background-type":"","background-media":"","overlay-type":"","overlay-color":"","overlay-opacity":"","overlay-gradient":""},"tablet":{"background-color":"var(--ast-global-color-5)","background-image":"","background-repeat":"repeat","background-position":"center center","background-size":"auto","background-attachment":"scroll","background-type":"","background-media":"","overlay-type":"","overlay-color":"","overlay-opacity":"","overlay-gradient":""},"mobile":{"background-color":"var(--ast-global-color-5)","background-image":"","background-repeat":"repeat","background-position":"center center","background-size":"auto","background-attachment":"scroll","background-type":"","background-media":"","overlay-type":"","overlay-color":"","overlay-opacity":"","overlay-gradient":""}},"footnotes":""},"class_list":["post-5399","page","type-page","status-publish","hentry"],"jetpack_sharing_enabled":true,"_links":{"self":[{"href":"https:\/\/diized.com\/ar\/wp-json\/wp\/v2\/pages\/5399","targetHints":{"allow":["GET"]}}],"collection":[{"href":"https:\/\/diized.com\/ar\/wp-json\/wp\/v2\/pages"}],"about":[{"href":"https:\/\/diized.com\/ar\/wp-json\/wp\/v2\/types\/page"}],"author":[{"embeddable":true,"href":"https:\/\/diized.com\/ar\/wp-json\/wp\/v2\/users\/1"}],"replies":[{"embeddable":true,"href":"https:\/\/diized.com\/ar\/wp-json\/wp\/v2\/comments?post=5399"}],"version-history":[{"count":3,"href":"https:\/\/diized.com\/ar\/wp-json\/wp\/v2\/pages\/5399\/revisions"}],"predecessor-version":[{"id":5403,"href":"https:\/\/diized.com\/ar\/wp-json\/wp\/v2\/pages\/5399\/revisions\/5403"}],"wp:attachment":[{"href":"https:\/\/diized.com\/ar\/wp-json\/wp\/v2\/media?parent=5399"}],"curies":[{"name":"wp","href":"https:\/\/api.w.org\/{rel}","templated":true}]}}