{"id":5394,"date":"2024-10-14T17:22:53","date_gmt":"2024-10-14T16:22:53","guid":{"rendered":"https:\/\/diized.com\/?page_id=5394"},"modified":"2024-10-14T18:25:21","modified_gmt":"2024-10-14T17:25:21","slug":"return-policy","status":"publish","type":"page","link":"https:\/\/diized.com\/ar\/return-policy\/","title":{"rendered":"Politique de Retour et de Remboursement"},"content":{"rendered":"<h3 class=\"wp-block-heading\">\u0645\u0642\u062f\u0645\u0629<\/h3>\n\n\n\n<p>Chez Diized, nous nous engageons \u00e0 offrir une satisfaction compl\u00e8te \u00e0 nos clients. Si, pour une raison quelconque, vous n&rsquo;\u00eates pas enti\u00e8rement satisfait de votre achat, vous pouvez retourner le produit sous les conditions suivantes :<\/p>\n\n\n\n<ul class=\"wp-block-list\">\n<li><strong>\u0645\u0647\u0644\u0629 \u0625\u0631\u062c\u0627\u0639 \u0627\u0644\u0633\u0644\u0639<\/strong> : \u064a\u062c\u0628 \u0623\u0646 \u062a\u062a\u0645 \u0639\u0645\u0644\u064a\u0627\u062a \u0627\u0644\u0625\u0631\u062c\u0627\u0639 \u0641\u064a \u063a\u0636\u0648\u0646 3 \u0623\u064a\u0627\u0645 \u0645\u0646 \u0627\u0633\u062a\u0644\u0627\u0645 \u0627\u0644\u0645\u0646\u062a\u062c.<\/li>\n\n\n\n<li><strong>\u062d\u0627\u0644\u0629 \u0627\u0644\u0645\u0646\u062a\u062c<\/strong> : Le produit doit \u00eatre retourn\u00e9 dans son \u00e9tat d&rsquo;origine, non utilis\u00e9, non ouvert, avec tous les accessoires et dans son emballage d&rsquo;origine.<\/li>\n\n\n\n<li><strong>\u0627\u0644\u0641\u0626\u0627\u062a \u0627\u0644\u063a\u064a\u0631 \u0642\u0627\u0628\u0644\u0629 \u0644\u0644\u0625\u0631\u062c\u0627\u0639<\/strong> : Certains produits comme les articles de sant\u00e9, d&rsquo;hygi\u00e8ne, lingerie, sous-v\u00eatements, cale\u00e7ons ou cosm\u00e9tiques.<\/li>\n\n\n\n<li><strong>\u0625\u0633\u062a\u0631\u062f\u0627\u062f \u0627\u0644\u0645\u0628\u0644\u063a<\/strong> : \u0628\u0645\u062c\u0631\u062f \u0625\u0631\u062c\u0627\u0639 \u0627\u0644\u0645\u0646\u062a\u062c \u0648\u062a\u0641\u062a\u064a\u0634\u0647 \u060c \u0633\u064a\u062a\u0645 \u0627\u0633\u062a\u0631\u062f\u0627\u062f \u0627\u0644\u0645\u0628\u0644\u063a \u0648\u0641\u0642\u0627 \u0644\u0637\u0631\u064a\u0642\u0629 \u0627\u0644\u062f\u0641\u0639 \u0627\u0644\u0623\u0635\u0644\u064a\u0629 \u0641\u064a \u063a\u0636\u0648\u0646 5 \u0625\u0644\u0649 10 \u0623\u064a\u0627\u0645 \u0639\u0645\u0644.<\/li>\n\n\n\n<li><strong>\u0645\u0633\u062a\u062d\u0642\u0627\u062a  \u0627\u0644\u062a\u0648\u0635\u064a\u0644 \u0644\u0644\u0633\u0644\u0639\u0629 \u0627\u0644\u0645\u0631\u062c\u0639\u0629<\/strong> : \u0642\u062f \u064a\u062a\u062d\u0645\u0644 \u0627\u0644\u0639\u0645\u064a\u0644 \u062a\u0643\u0627\u0644\u064a\u0641 \u0627\u0644\u0625\u0631\u062c\u0627\u0639 \u060c \u0625\u0644\u0627 \u0641\u064a \u062d\u0627\u0644\u0629 \u0648\u062c\u0648\u062f \u062e\u0644\u0644 \u0641\u064a \u0627\u0644\u0645\u0646\u062a\u062c \u0623\u0648 \u062e\u0637\u0623 \u0641\u064a \u0627\u0644\u062a\u0633\u0644\u064a\u0645 \u0645\u0646 \u062c\u0627\u0646\u0628\u0646\u0627.<\/li>\n\n\n\n<li><\/li>\n<\/ul>\n\n\n\n<h3 class=\"wp-block-heading\">\u0645\u0639\u0627\u064a\u0646\u0629 \u0637\u0644\u0628\u0627\u062a \u0627\u0644\u0625\u0631\u062c\u0627\u0639<\/h3>\n\n\n\n<p>\u064a\u062a\u0645 \u0641\u062d\u0635 \u062c\u0645\u064a\u0639 \u0637\u0644\u0628\u0627\u062a \u0627\u0644\u0625\u0631\u062c\u0627\u0639 \u0625\u0644\u0649 \u062f\u064a\u0632\u062f \u0644\u0644\u062a\u062d\u0642\u0642 \u0645\u0646 \u0635\u062d\u062a\u0647\u0627. \u0625\u0630\u0627 \u062a\u0645 \u0631\u0641\u0636 \u0637\u0644\u0628\u0643 \u0641\u064a \u0627\u0644\u0625\u0631\u062c\u0627\u0639 \u060c \u0641\u0644\u0627 \u064a\u0645\u0643\u0646 \u0627\u0633\u062a\u0631\u062f\u0627\u062f \u0627\u0644\u0645\u0628\u0644\u063a.<\/p>\n\n\n\n<h3 class=\"wp-block-heading\">\u0643\u064a\u0641 \u062a\u0642\u062f\u0645 \u0637\u0644\u0628 \u0625\u0631\u062c\u0627\u0639<\/h3>\n\n\n\n<p>\u0644\u062a\u0642\u062f\u064a\u0645 \u0637\u0644\u0628 \u0625\u0631\u062c\u0627\u0639 \u060c \u064a\u0631\u062c\u0649 \u0627\u0644\u0627\u062a\u0635\u0627\u0644 \u0628\u062e\u062f\u0645\u0629 \u0627\u0644\u0639\u0645\u0644\u0627\u0621 \u0639\u0628\u0631 \u0627\u0644\u0631\u0642\u0645 : <a href=\"tel:+213554222217\" data-type=\"tel\" data-id=\"tel:+213554222217\">+213554222217<\/a><\/p>\n\n\n\n<p><\/p>","protected":false},"excerpt":{"rendered":"<p>Introduction: Chez Diized, nous nous engageons \u00e0 offrir une satisfaction compl\u00e8te \u00e0 nos clients. Si, pour une raison quelconque, vous n&rsquo;\u00eates pas enti\u00e8rement satisfait de votre achat, vous pouvez retourner le produit sous les conditions suivantes : Inspection des Demandes de Retour Toutes les demandes de retour chez Diized sont inspect\u00e9es pour v\u00e9rifier leur validit\u00e9. [&hellip;]<\/p>\n","protected":false},"author":1,"featured_media":0,"parent":0,"menu_order":0,"comment_status":"closed","ping_status":"closed","template":"elementor_theme","meta":{"inline_featured_image":false,"site-sidebar-layout":"no-sidebar","site-content-layout":"page-builder","ast-site-content-layout":"normal-width-container","site-content-style":"default","site-sidebar-style":"default","ast-global-header-display":"","ast-banner-title-visibility":"","ast-main-header-display":"","ast-hfb-above-header-display":"","ast-hfb-below-header-display":"","ast-hfb-mobile-header-display":"","site-post-title":"","ast-breadcrumbs-content":"","ast-featured-img":"disabled","footer-sml-layout":"","ast-disable-related-posts":"","theme-transparent-header-meta":"","adv-header-id-meta":"","stick-header-meta":"","header-above-stick-meta":"","header-main-stick-meta":"","header-below-stick-meta":"","astra-migrate-meta-layouts":"set","ast-page-background-enabled":"default","ast-page-background-meta":{"desktop":{"background-color":"","background-image":"","background-repeat":"repeat","background-position":"center center","background-size":"auto","background-attachment":"scroll","background-type":"","background-media":"","overlay-type":"","overlay-color":"","overlay-opacity":"","overlay-gradient":""},"tablet":{"background-color":"","background-image":"","background-repeat":"repeat","background-position":"center center","background-size":"auto","background-attachment":"scroll","background-type":"","background-media":"","overlay-type":"","overlay-color":"","overlay-opacity":"","overlay-gradient":""},"mobile":{"background-color":"","background-image":"","background-repeat":"repeat","background-position":"center center","background-size":"auto","background-attachment":"scroll","background-type":"","background-media":"","overlay-type":"","overlay-color":"","overlay-opacity":"","overlay-gradient":""}},"ast-content-background-meta":{"desktop":{"background-color":"var(--ast-global-color-5)","background-image":"","background-repeat":"repeat","background-position":"center center","background-size":"auto","background-attachment":"scroll","background-type":"","background-media":"","overlay-type":"","overlay-color":"","overlay-opacity":"","overlay-gradient":""},"tablet":{"background-color":"var(--ast-global-color-5)","background-image":"","background-repeat":"repeat","background-position":"center center","background-size":"auto","background-attachment":"scroll","background-type":"","background-media":"","overlay-type":"","overlay-color":"","overlay-opacity":"","overlay-gradient":""},"mobile":{"background-color":"var(--ast-global-color-5)","background-image":"","background-repeat":"repeat","background-position":"center center","background-size":"auto","background-attachment":"scroll","background-type":"","background-media":"","overlay-type":"","overlay-color":"","overlay-opacity":"","overlay-gradient":""}},"footnotes":""},"class_list":["post-5394","page","type-page","status-publish","hentry"],"jetpack_sharing_enabled":true,"_links":{"self":[{"href":"https:\/\/diized.com\/ar\/wp-json\/wp\/v2\/pages\/5394","targetHints":{"allow":["GET"]}}],"collection":[{"href":"https:\/\/diized.com\/ar\/wp-json\/wp\/v2\/pages"}],"about":[{"href":"https:\/\/diized.com\/ar\/wp-json\/wp\/v2\/types\/page"}],"author":[{"embeddable":true,"href":"https:\/\/diized.com\/ar\/wp-json\/wp\/v2\/users\/1"}],"replies":[{"embeddable":true,"href":"https:\/\/diized.com\/ar\/wp-json\/wp\/v2\/comments?post=5394"}],"version-history":[{"count":4,"href":"https:\/\/diized.com\/ar\/wp-json\/wp\/v2\/pages\/5394\/revisions"}],"predecessor-version":[{"id":5398,"href":"https:\/\/diized.com\/ar\/wp-json\/wp\/v2\/pages\/5394\/revisions\/5398"}],"wp:attachment":[{"href":"https:\/\/diized.com\/ar\/wp-json\/wp\/v2\/media?parent=5394"}],"curies":[{"name":"wp","href":"https:\/\/api.w.org\/{rel}","templated":true}]}}